{"id":2,"date":"2018-12-11T12:08:22","date_gmt":"2018-12-11T11:08:22","guid":{"rendered":"http:\/\/justmyfabulations.bewanderer.net\/?page_id=2"},"modified":"2024-08-21T21:22:55","modified_gmt":"2024-08-21T19:22:55","slug":"about","status":"publish","type":"page","link":"https:\/\/justmyfabulations.bewanderer.net\/index.php\/about\/","title":{"rendered":"\u00e0 propos"},"content":{"rendered":"\n<p><em>Just my Fabulations<\/em> est le regroupement de textes que j&rsquo;ai \u00e9crits ici et l\u00e0.&nbsp;<\/p>\n\n\n\n<p><strong>600<\/strong><br>Textes courts de 600 signes maximum suivant un th\u00e8me impos\u00e9 sur <a href=\"https:\/\/www.tavernedesspores.fr\">tavernedesspores.fr<\/a>, site proposant des concours de courts.&nbsp;<\/p>\n\n\n\n<p><strong>Courts r\u00e9cits de pens\u00e9es errantes<\/strong><br>Histoires courtes s&rsquo;apparentant \u00e0 des petites nouvelles. Parfois suite \u00e0 la participation de&nbsp;<em>d\u00e9fis<\/em> sur <a href=\"https:\/\/www.scribay.com\">scribay.com<\/a>, parfois pas.<\/p>\n\n\n\n<p><strong>Fabulations photographiques<\/strong><br>Des r\u00e9cits suivant l\u2019inspiration d\u2019une photographie personnelle. Pleinement improvis\u00e9 par l\u2019humeur du moment. Comme des extraits d\u2019un roman, d\u2019un recueil ou d\u2019un rapport\u2026 Sans causes, ni cons\u00e9quences. Pas d\u2019avant ni d\u2019apr\u00e8s. Encore moins de pourquoi.&nbsp;Juste un extrait, en s\u2019affranchissant compl\u00e8tement des contraintes pour rechercher uniquement le plaisir de l\u2019\u00e9criture narcissique et sans lendemain.<br><\/p>\n\n\n\n<p><strong>Les d\u00e9boires de Victor S.<\/strong><br>S\u00e9rie autour d&rsquo;un chauffeur urbain, me permettant de d\u00e9velopper le protagoniste qui sert de base \u00e0 une nouvelle en cours d&rsquo;\u00e9criture.<br><\/p>\n\n\n\n<p>Des r\u00e9cits propos\u00e9s par Le Jaskier.<br>Une production bewanderer!<\/p>\n","protected":false},"excerpt":{"rendered":"<p>Just my Fabulations est le regroupement de textes que j&rsquo;ai \u00e9crits ici et l\u00e0.&nbsp; 600Textes courts de 600 signes maximum suivant un th\u00e8me impos\u00e9 sur tavernedesspores.fr, site proposant des concours de courts.&nbsp; Courts r\u00e9cits de pens\u00e9es errantesHistoires courtes s&rsquo;apparentant \u00e0 des petites nouvelles. Parfois suite \u00e0 la participation de&nbsp;d\u00e9fis sur scribay.com, parfois pas. Fabulations photographiquesDes &hellip; <\/p>\n<p class=\"link-more\"><a href=\"https:\/\/justmyfabulations.bewanderer.net\/index.php\/about\/\" class=\"more-link\">Continuer la lecture<span class=\"screen-reader-text\"> de &laquo;&nbsp;\u00e0 propos&nbsp;&raquo;<\/span><\/a><\/p>\n","protected":false},"author":1,"featured_media":0,"parent":0,"menu_order":0,"comment_status":"closed","ping_status":"open","template":"","meta":{"footnotes":""},"class_list":["post-2","page","type-page","status-publish","hentry"],"_links":{"self":[{"href":"https:\/\/justmyfabulations.bewanderer.net\/index.php\/wp-json\/wp\/v2\/pages\/2"}],"collection":[{"href":"https:\/\/justmyfabulations.bewanderer.net\/index.php\/wp-json\/wp\/v2\/pages"}],"about":[{"href":"https:\/\/justmyfabulations.bewanderer.net\/index.php\/wp-json\/wp\/v2\/types\/page"}],"author":[{"embeddable":true,"href":"https:\/\/justmyfabulations.bewanderer.net\/index.php\/wp-json\/wp\/v2\/users\/1"}],"replies":[{"embeddable":true,"href":"https:\/\/justmyfabulations.bewanderer.net\/index.php\/wp-json\/wp\/v2\/comments?post=2"}],"version-history":[{"count":10,"href":"https:\/\/justmyfabulations.bewanderer.net\/index.php\/wp-json\/wp\/v2\/pages\/2\/revisions"}],"predecessor-version":[{"id":104,"href":"https:\/\/justmyfabulations.bewanderer.net\/index.php\/wp-json\/wp\/v2\/pages\/2\/revisions\/104"}],"wp:attachment":[{"href":"https:\/\/justmyfabulations.bewanderer.net\/index.php\/wp-json\/wp\/v2\/media?parent=2"}],"curies":[{"name":"wp","href":"https:\/\/api.w.org\/{rel}","templated":true}]}}